{"id":84,"date":"2024-09-16T14:12:38","date_gmt":"2024-09-16T17:12:38","guid":{"rendered":"https:\/\/maismeninasnatecnologia.com\/loja\/?post_type=product&#038;p=84"},"modified":"2024-09-19T15:57:45","modified_gmt":"2024-09-19T18:57:45","slug":"mini-copo","status":"publish","type":"product","link":"https:\/\/maismeninasnatecnologia.com\/loja\/produto\/copos\/mini-copo\/","title":{"rendered":"Mini Copo 200ml BPA Free"},"content":{"rendered":"<p>Apresentamos o Mini Copo 200ml BPA Free, perfeito para as pequenas e grandes rotinas! Com um design pr\u00e1tico e leve, ele cabe em qualquer bolsa, mochila ou lancheira, acompanhando voc\u00ea em todos os momentos. Feito de material seguro e livre de BPA, \u00e9 ideal para crian\u00e7as e adultos que desejam se hidratar de forma saud\u00e1vel e com estilo. Leve a inspira\u00e7\u00e3o para mais meninas na tecnologia com voc\u00ea a cada gole!<\/p>\n","protected":false},"excerpt":{"rendered":"<p>Compacto e sem BPA, ideal para levar para a escola ou qualquer passeio!<\/p>\n","protected":false},"featured_media":85,"comment_status":"closed","ping_status":"closed","template":"","meta":[],"product_cat":[37],"product_tag":[],"class_list":{"0":"post-84","1":"product","2":"type-product","3":"status-publish","4":"has-post-thumbnail","6":"product_cat-copos","8":"first","9":"instock","10":"shipping-taxable","11":"purchasable","12":"product-type-simple"},"yoast_head":"<!-- This site is optimized with the Yoast SEO plugin v23.4 - https:\/\/yoast.com\/wordpress\/plugins\/seo\/ -->\n<title>Mini Copo 200ml BPA Free - Loja Mais Meninas na Tecnologia<\/title>\n<meta name=\"robots\" content=\"index, follow, max-snippet:-1, max-image-preview:large, max-video-preview:-1\" \/>\n<link rel=\"canonical\" href=\"https:\/\/maismeninasnatecnologia.com\/loja\/produto\/copos\/mini-copo\/\" \/>\n<meta property=\"og:locale\" content=\"pt_BR\" \/>\n<meta property=\"og:type\" content=\"article\" \/>\n<meta property=\"og:title\" content=\"Mini Copo 200ml BPA Free - Loja Mais Meninas na Tecnologia\" \/>\n<meta property=\"og:description\" content=\"Compacto e sem BPA, ideal para levar para a escola ou qualquer passeio!\" \/>\n<meta property=\"og:url\" content=\"https:\/\/maismeninasnatecnologia.com\/loja\/produto\/copos\/mini-copo\/\" \/>\n<meta property=\"og:site_name\" content=\"Loja Mais Meninas na Tecnologia\" \/>\n<meta property=\"article:modified_time\" content=\"2024-09-19T18:57:45+00:00\" \/>\n<meta property=\"og:image\" content=\"https:\/\/maismeninasnatecnologia.com\/loja\/wp-content\/uploads\/2024\/09\/minicopo.png\" \/>\n\t<meta property=\"og:image:width\" content=\"1080\" \/>\n\t<meta property=\"og:image:height\" content=\"1080\" \/>\n\t<meta property=\"og:image:type\" content=\"image\/png\" \/>\n<meta name=\"twitter:card\" content=\"summary_large_image\" \/>\n<meta name=\"twitter:label1\" content=\"Est. tempo de leitura\" \/>\n\t<meta name=\"twitter:data1\" content=\"1 minuto\" \/>\n<script type=\"application\/ld+json\" class=\"yoast-schema-graph\">{\"@context\":\"https:\/\/schema.org\",\"@graph\":[{\"@type\":\"WebPage\",\"@id\":\"https:\/\/maismeninasnatecnologia.com\/loja\/produto\/copos\/mini-copo\/\",\"url\":\"https:\/\/maismeninasnatecnologia.com\/loja\/produto\/copos\/mini-copo\/\",\"name\":\"Mini Copo 200ml BPA Free - Loja Mais Meninas na Tecnologia\",\"isPartOf\":{\"@id\":\"https:\/\/maismeninasnatecnologia.com\/loja\/#website\"},\"primaryImageOfPage\":{\"@id\":\"https:\/\/maismeninasnatecnologia.com\/loja\/produto\/copos\/mini-copo\/#primaryimage\"},\"image\":{\"@id\":\"https:\/\/maismeninasnatecnologia.com\/loja\/produto\/copos\/mini-copo\/#primaryimage\"},\"thumbnailUrl\":\"https:\/\/maismeninasnatecnologia.com\/loja\/wp-content\/uploads\/2024\/09\/minicopo.png\",\"datePublished\":\"2024-09-16T17:12:38+00:00\",\"dateModified\":\"2024-09-19T18:57:45+00:00\",\"breadcrumb\":{\"@id\":\"https:\/\/maismeninasnatecnologia.com\/loja\/produto\/copos\/mini-copo\/#breadcrumb\"},\"inLanguage\":\"pt-BR\",\"potentialAction\":[{\"@type\":\"ReadAction\",\"target\":[\"https:\/\/maismeninasnatecnologia.com\/loja\/produto\/copos\/mini-copo\/\"]}]},{\"@type\":\"ImageObject\",\"inLanguage\":\"pt-BR\",\"@id\":\"https:\/\/maismeninasnatecnologia.com\/loja\/produto\/copos\/mini-copo\/#primaryimage\",\"url\":\"https:\/\/maismeninasnatecnologia.com\/loja\/wp-content\/uploads\/2024\/09\/minicopo.png\",\"contentUrl\":\"https:\/\/maismeninasnatecnologia.com\/loja\/wp-content\/uploads\/2024\/09\/minicopo.png\",\"width\":1080,\"height\":1080},{\"@type\":\"BreadcrumbList\",\"@id\":\"https:\/\/maismeninasnatecnologia.com\/loja\/produto\/copos\/mini-copo\/#breadcrumb\",\"itemListElement\":[{\"@type\":\"ListItem\",\"position\":1,\"name\":\"In\u00edcio\",\"item\":\"https:\/\/maismeninasnatecnologia.com\/loja\/\"},{\"@type\":\"ListItem\",\"position\":2,\"name\":\"Produtos\",\"item\":\"https:\/\/maismeninasnatecnologia.com\/loja\/produtos\/\"},{\"@type\":\"ListItem\",\"position\":3,\"name\":\"Mini Copo 200ml BPA Free\"}]},{\"@type\":\"WebSite\",\"@id\":\"https:\/\/maismeninasnatecnologia.com\/loja\/#website\",\"url\":\"https:\/\/maismeninasnatecnologia.com\/loja\/\",\"name\":\"Loja Mais Meninas na Tecnologia\",\"description\":\"A Loja da Mais Meninas na Tecnologia\",\"publisher\":{\"@id\":\"https:\/\/maismeninasnatecnologia.com\/loja\/#organization\"},\"potentialAction\":[{\"@type\":\"SearchAction\",\"target\":{\"@type\":\"EntryPoint\",\"urlTemplate\":\"https:\/\/maismeninasnatecnologia.com\/loja\/?s={search_term_string}\"},\"query-input\":{\"@type\":\"PropertyValueSpecification\",\"valueRequired\":true,\"valueName\":\"search_term_string\"}}],\"inLanguage\":\"pt-BR\"},{\"@type\":\"Organization\",\"@id\":\"https:\/\/maismeninasnatecnologia.com\/loja\/#organization\",\"name\":\"Loja Mais Meninas na Tecnologia\",\"url\":\"https:\/\/maismeninasnatecnologia.com\/loja\/\",\"logo\":{\"@type\":\"ImageObject\",\"inLanguage\":\"pt-BR\",\"@id\":\"https:\/\/maismeninasnatecnologia.com\/loja\/#\/schema\/logo\/image\/\",\"url\":\"https:\/\/maismeninasnatecnologia.com\/loja\/wp-content\/uploads\/2024\/09\/logo-loja.png\",\"contentUrl\":\"https:\/\/maismeninasnatecnologia.com\/loja\/wp-content\/uploads\/2024\/09\/logo-loja.png\",\"width\":570,\"height\":190,\"caption\":\"Loja Mais Meninas na Tecnologia\"},\"image\":{\"@id\":\"https:\/\/maismeninasnatecnologia.com\/loja\/#\/schema\/logo\/image\/\"},\"sameAs\":[\"https:\/\/www.instagram.com\/maismeninasnatecnologia\/\"]}]}<\/script>\n<!-- \/ Yoast SEO plugin. -->","yoast_head_json":{"title":"Mini Copo 200ml BPA Free - Loja Mais Meninas na Tecnologia","robots":{"index":"index","follow":"follow","max-snippet":"max-snippet:-1","max-image-preview":"max-image-preview:large","max-video-preview":"max-video-preview:-1"},"canonical":"https:\/\/maismeninasnatecnologia.com\/loja\/produto\/copos\/mini-copo\/","og_locale":"pt_BR","og_type":"article","og_title":"Mini Copo 200ml BPA Free - Loja Mais Meninas na Tecnologia","og_description":"Compacto e sem BPA, ideal para levar para a escola ou qualquer passeio!","og_url":"https:\/\/maismeninasnatecnologia.com\/loja\/produto\/copos\/mini-copo\/","og_site_name":"Loja Mais Meninas na Tecnologia","article_modified_time":"2024-09-19T18:57:45+00:00","og_image":[{"width":1080,"height":1080,"url":"https:\/\/maismeninasnatecnologia.com\/loja\/wp-content\/uploads\/2024\/09\/minicopo.png","type":"image\/png"}],"twitter_card":"summary_large_image","twitter_misc":{"Est. tempo de leitura":"1 minuto"},"schema":{"@context":"https:\/\/schema.org","@graph":[{"@type":"WebPage","@id":"https:\/\/maismeninasnatecnologia.com\/loja\/produto\/copos\/mini-copo\/","url":"https:\/\/maismeninasnatecnologia.com\/loja\/produto\/copos\/mini-copo\/","name":"Mini Copo 200ml BPA Free - Loja Mais Meninas na Tecnologia","isPartOf":{"@id":"https:\/\/maismeninasnatecnologia.com\/loja\/#website"},"primaryImageOfPage":{"@id":"https:\/\/maismeninasnatecnologia.com\/loja\/produto\/copos\/mini-copo\/#primaryimage"},"image":{"@id":"https:\/\/maismeninasnatecnologia.com\/loja\/produto\/copos\/mini-copo\/#primaryimage"},"thumbnailUrl":"https:\/\/maismeninasnatecnologia.com\/loja\/wp-content\/uploads\/2024\/09\/minicopo.png","datePublished":"2024-09-16T17:12:38+00:00","dateModified":"2024-09-19T18:57:45+00:00","breadcrumb":{"@id":"https:\/\/maismeninasnatecnologia.com\/loja\/produto\/copos\/mini-copo\/#breadcrumb"},"inLanguage":"pt-BR","potentialAction":[{"@type":"ReadAction","target":["https:\/\/maismeninasnatecnologia.com\/loja\/produto\/copos\/mini-copo\/"]}]},{"@type":"ImageObject","inLanguage":"pt-BR","@id":"https:\/\/maismeninasnatecnologia.com\/loja\/produto\/copos\/mini-copo\/#primaryimage","url":"https:\/\/maismeninasnatecnologia.com\/loja\/wp-content\/uploads\/2024\/09\/minicopo.png","contentUrl":"https:\/\/maismeninasnatecnologia.com\/loja\/wp-content\/uploads\/2024\/09\/minicopo.png","width":1080,"height":1080},{"@type":"BreadcrumbList","@id":"https:\/\/maismeninasnatecnologia.com\/loja\/produto\/copos\/mini-copo\/#breadcrumb","itemListElement":[{"@type":"ListItem","position":1,"name":"In\u00edcio","item":"https:\/\/maismeninasnatecnologia.com\/loja\/"},{"@type":"ListItem","position":2,"name":"Produtos","item":"https:\/\/maismeninasnatecnologia.com\/loja\/produtos\/"},{"@type":"ListItem","position":3,"name":"Mini Copo 200ml BPA Free"}]},{"@type":"WebSite","@id":"https:\/\/maismeninasnatecnologia.com\/loja\/#website","url":"https:\/\/maismeninasnatecnologia.com\/loja\/","name":"Loja Mais Meninas na Tecnologia","description":"A Loja da Mais Meninas na Tecnologia","publisher":{"@id":"https:\/\/maismeninasnatecnologia.com\/loja\/#organization"},"potentialAction":[{"@type":"SearchAction","target":{"@type":"EntryPoint","urlTemplate":"https:\/\/maismeninasnatecnologia.com\/loja\/?s={search_term_string}"},"query-input":{"@type":"PropertyValueSpecification","valueRequired":true,"valueName":"search_term_string"}}],"inLanguage":"pt-BR"},{"@type":"Organization","@id":"https:\/\/maismeninasnatecnologia.com\/loja\/#organization","name":"Loja Mais Meninas na Tecnologia","url":"https:\/\/maismeninasnatecnologia.com\/loja\/","logo":{"@type":"ImageObject","inLanguage":"pt-BR","@id":"https:\/\/maismeninasnatecnologia.com\/loja\/#\/schema\/logo\/image\/","url":"https:\/\/maismeninasnatecnologia.com\/loja\/wp-content\/uploads\/2024\/09\/logo-loja.png","contentUrl":"https:\/\/maismeninasnatecnologia.com\/loja\/wp-content\/uploads\/2024\/09\/logo-loja.png","width":570,"height":190,"caption":"Loja Mais Meninas na Tecnologia"},"image":{"@id":"https:\/\/maismeninasnatecnologia.com\/loja\/#\/schema\/logo\/image\/"},"sameAs":["https:\/\/www.instagram.com\/maismeninasnatecnologia\/"]}]}},"_links":{"self":[{"href":"https:\/\/maismeninasnatecnologia.com\/loja\/wp-json\/wp\/v2\/product\/84"}],"collection":[{"href":"https:\/\/maismeninasnatecnologia.com\/loja\/wp-json\/wp\/v2\/product"}],"about":[{"href":"https:\/\/maismeninasnatecnologia.com\/loja\/wp-json\/wp\/v2\/types\/product"}],"replies":[{"embeddable":true,"href":"https:\/\/maismeninasnatecnologia.com\/loja\/wp-json\/wp\/v2\/comments?post=84"}],"wp:featuredmedia":[{"embeddable":true,"href":"https:\/\/maismeninasnatecnologia.com\/loja\/wp-json\/wp\/v2\/media\/85"}],"wp:attachment":[{"href":"https:\/\/maismeninasnatecnologia.com\/loja\/wp-json\/wp\/v2\/media?parent=84"}],"wp:term":[{"taxonomy":"product_cat","embeddable":true,"href":"https:\/\/maismeninasnatecnologia.com\/loja\/wp-json\/wp\/v2\/product_cat?post=84"},{"taxonomy":"product_tag","embeddable":true,"href":"https:\/\/maismeninasnatecnologia.com\/loja\/wp-json\/wp\/v2\/product_tag?post=84"}],"curies":[{"name":"wp","href":"https:\/\/api.w.org\/{rel}","templated":true}]}}