{"id":70,"date":"2024-09-09T14:18:39","date_gmt":"2024-09-09T17:18:39","guid":{"rendered":"https:\/\/maismeninasnatecnologia.com\/loja\/?post_type=product&#038;p=70"},"modified":"2024-09-19T15:36:36","modified_gmt":"2024-09-19T18:36:36","slug":"ecobag","status":"publish","type":"product","link":"https:\/\/maismeninasnatecnologia.com\/loja\/produto\/utensilios\/ecobag\/","title":{"rendered":"Ecobag"},"content":{"rendered":"<p>A ecobag MiniDev 100% algod\u00e3o \u00e9 muito mais que um acess\u00f3rio: \u00e9 um convite para as meninas ocuparem seu espa\u00e7o na tecnologia. Com estampa exclusiva e um design alegre, essa ecobag celebra a presen\u00e7a feminina no mundo digital de forma divertida e inspiradora. Feita em material leve e resistente, \u00e9 perfeita para o dia a dia, seja na escola, no trabalho ou em passeios. Leve consigo um pouco de estilo e muita inspira\u00e7\u00e3o, mostrando que lugar de menina \u00e9 onde ela quiser, inclusive na tecnologia!<\/p>\n","protected":false},"excerpt":{"rendered":"<p>Estilo e sustentabilidade unidos em uma ecobag que incentiva mais meninas na tecnologia. Pr\u00e1tica, leve e cheia de significado.<\/p>\n","protected":false},"featured_media":73,"comment_status":"open","ping_status":"closed","template":"","meta":[],"product_cat":[22],"product_tag":[],"class_list":{"0":"post-70","1":"product","2":"type-product","3":"status-publish","4":"has-post-thumbnail","6":"product_cat-utensilios","8":"first","9":"instock","10":"shipping-taxable","11":"purchasable","12":"product-type-variable"},"yoast_head":"<!-- This site is optimized with the Yoast SEO plugin v23.4 - https:\/\/yoast.com\/wordpress\/plugins\/seo\/ -->\n<title>Ecobag - Loja Mais Meninas na Tecnologia<\/title>\n<meta name=\"description\" content=\"Com a ecobag MiniDev, voc\u00ea carrega muito mais que objetos. Leve com voc\u00ea a mensagem de empoderamento feminino na tecnologia!\" \/>\n<meta name=\"robots\" content=\"index, follow, max-snippet:-1, max-image-preview:large, max-video-preview:-1\" \/>\n<link rel=\"canonical\" href=\"https:\/\/maismeninasnatecnologia.com\/loja\/produto\/utensilios\/ecobag\/\" \/>\n<meta property=\"og:locale\" content=\"pt_BR\" \/>\n<meta property=\"og:type\" content=\"article\" \/>\n<meta property=\"og:title\" content=\"Ecobag - Loja Mais Meninas na Tecnologia\" \/>\n<meta property=\"og:description\" content=\"Com a ecobag MiniDev, voc\u00ea carrega muito mais que objetos. Leve com voc\u00ea a mensagem de empoderamento feminino na tecnologia!\" \/>\n<meta property=\"og:url\" content=\"https:\/\/maismeninasnatecnologia.com\/loja\/produto\/utensilios\/ecobag\/\" \/>\n<meta property=\"og:site_name\" content=\"Loja Mais Meninas na Tecnologia\" \/>\n<meta property=\"article:modified_time\" content=\"2024-09-19T18:36:36+00:00\" \/>\n<meta property=\"og:image\" content=\"https:\/\/maismeninasnatecnologia.com\/loja\/wp-content\/uploads\/2024\/09\/egobags.png\" \/>\n\t<meta property=\"og:image:width\" content=\"1080\" \/>\n\t<meta property=\"og:image:height\" content=\"1080\" \/>\n\t<meta property=\"og:image:type\" content=\"image\/png\" \/>\n<meta name=\"twitter:card\" content=\"summary_large_image\" \/>\n<meta name=\"twitter:label1\" content=\"Est. tempo de leitura\" \/>\n\t<meta name=\"twitter:data1\" content=\"1 minuto\" \/>\n<script type=\"application\/ld+json\" class=\"yoast-schema-graph\">{\"@context\":\"https:\/\/schema.org\",\"@graph\":[{\"@type\":\"WebPage\",\"@id\":\"https:\/\/maismeninasnatecnologia.com\/loja\/produto\/utensilios\/ecobag\/\",\"url\":\"https:\/\/maismeninasnatecnologia.com\/loja\/produto\/utensilios\/ecobag\/\",\"name\":\"Ecobag - Loja Mais Meninas na Tecnologia\",\"isPartOf\":{\"@id\":\"https:\/\/maismeninasnatecnologia.com\/loja\/#website\"},\"primaryImageOfPage\":{\"@id\":\"https:\/\/maismeninasnatecnologia.com\/loja\/produto\/utensilios\/ecobag\/#primaryimage\"},\"image\":{\"@id\":\"https:\/\/maismeninasnatecnologia.com\/loja\/produto\/utensilios\/ecobag\/#primaryimage\"},\"thumbnailUrl\":\"https:\/\/maismeninasnatecnologia.com\/loja\/wp-content\/uploads\/2024\/09\/egobags.png\",\"datePublished\":\"2024-09-09T17:18:39+00:00\",\"dateModified\":\"2024-09-19T18:36:36+00:00\",\"description\":\"Com a ecobag MiniDev, voc\u00ea carrega muito mais que objetos. Leve com voc\u00ea a mensagem de empoderamento feminino na tecnologia!\",\"breadcrumb\":{\"@id\":\"https:\/\/maismeninasnatecnologia.com\/loja\/produto\/utensilios\/ecobag\/#breadcrumb\"},\"inLanguage\":\"pt-BR\",\"potentialAction\":[{\"@type\":\"ReadAction\",\"target\":[\"https:\/\/maismeninasnatecnologia.com\/loja\/produto\/utensilios\/ecobag\/\"]}]},{\"@type\":\"ImageObject\",\"inLanguage\":\"pt-BR\",\"@id\":\"https:\/\/maismeninasnatecnologia.com\/loja\/produto\/utensilios\/ecobag\/#primaryimage\",\"url\":\"https:\/\/maismeninasnatecnologia.com\/loja\/wp-content\/uploads\/2024\/09\/egobags.png\",\"contentUrl\":\"https:\/\/maismeninasnatecnologia.com\/loja\/wp-content\/uploads\/2024\/09\/egobags.png\",\"width\":1080,\"height\":1080},{\"@type\":\"BreadcrumbList\",\"@id\":\"https:\/\/maismeninasnatecnologia.com\/loja\/produto\/utensilios\/ecobag\/#breadcrumb\",\"itemListElement\":[{\"@type\":\"ListItem\",\"position\":1,\"name\":\"In\u00edcio\",\"item\":\"https:\/\/maismeninasnatecnologia.com\/loja\/\"},{\"@type\":\"ListItem\",\"position\":2,\"name\":\"Produtos\",\"item\":\"https:\/\/maismeninasnatecnologia.com\/loja\/produtos\/\"},{\"@type\":\"ListItem\",\"position\":3,\"name\":\"Ecobag\"}]},{\"@type\":\"WebSite\",\"@id\":\"https:\/\/maismeninasnatecnologia.com\/loja\/#website\",\"url\":\"https:\/\/maismeninasnatecnologia.com\/loja\/\",\"name\":\"Loja Mais Meninas na Tecnologia\",\"description\":\"A Loja da Mais Meninas na Tecnologia\",\"publisher\":{\"@id\":\"https:\/\/maismeninasnatecnologia.com\/loja\/#organization\"},\"potentialAction\":[{\"@type\":\"SearchAction\",\"target\":{\"@type\":\"EntryPoint\",\"urlTemplate\":\"https:\/\/maismeninasnatecnologia.com\/loja\/?s={search_term_string}\"},\"query-input\":{\"@type\":\"PropertyValueSpecification\",\"valueRequired\":true,\"valueName\":\"search_term_string\"}}],\"inLanguage\":\"pt-BR\"},{\"@type\":\"Organization\",\"@id\":\"https:\/\/maismeninasnatecnologia.com\/loja\/#organization\",\"name\":\"Loja Mais Meninas na Tecnologia\",\"url\":\"https:\/\/maismeninasnatecnologia.com\/loja\/\",\"logo\":{\"@type\":\"ImageObject\",\"inLanguage\":\"pt-BR\",\"@id\":\"https:\/\/maismeninasnatecnologia.com\/loja\/#\/schema\/logo\/image\/\",\"url\":\"https:\/\/maismeninasnatecnologia.com\/loja\/wp-content\/uploads\/2024\/09\/logo-loja.png\",\"contentUrl\":\"https:\/\/maismeninasnatecnologia.com\/loja\/wp-content\/uploads\/2024\/09\/logo-loja.png\",\"width\":570,\"height\":190,\"caption\":\"Loja Mais Meninas na Tecnologia\"},\"image\":{\"@id\":\"https:\/\/maismeninasnatecnologia.com\/loja\/#\/schema\/logo\/image\/\"},\"sameAs\":[\"https:\/\/www.instagram.com\/maismeninasnatecnologia\/\"]}]}<\/script>\n<!-- \/ Yoast SEO plugin. -->","yoast_head_json":{"title":"Ecobag - Loja Mais Meninas na Tecnologia","description":"Com a ecobag MiniDev, voc\u00ea carrega muito mais que objetos. Leve com voc\u00ea a mensagem de empoderamento feminino na tecnologia!","robots":{"index":"index","follow":"follow","max-snippet":"max-snippet:-1","max-image-preview":"max-image-preview:large","max-video-preview":"max-video-preview:-1"},"canonical":"https:\/\/maismeninasnatecnologia.com\/loja\/produto\/utensilios\/ecobag\/","og_locale":"pt_BR","og_type":"article","og_title":"Ecobag - Loja Mais Meninas na Tecnologia","og_description":"Com a ecobag MiniDev, voc\u00ea carrega muito mais que objetos. Leve com voc\u00ea a mensagem de empoderamento feminino na tecnologia!","og_url":"https:\/\/maismeninasnatecnologia.com\/loja\/produto\/utensilios\/ecobag\/","og_site_name":"Loja Mais Meninas na Tecnologia","article_modified_time":"2024-09-19T18:36:36+00:00","og_image":[{"width":1080,"height":1080,"url":"https:\/\/maismeninasnatecnologia.com\/loja\/wp-content\/uploads\/2024\/09\/egobags.png","type":"image\/png"}],"twitter_card":"summary_large_image","twitter_misc":{"Est. tempo de leitura":"1 minuto"},"schema":{"@context":"https:\/\/schema.org","@graph":[{"@type":"WebPage","@id":"https:\/\/maismeninasnatecnologia.com\/loja\/produto\/utensilios\/ecobag\/","url":"https:\/\/maismeninasnatecnologia.com\/loja\/produto\/utensilios\/ecobag\/","name":"Ecobag - Loja Mais Meninas na Tecnologia","isPartOf":{"@id":"https:\/\/maismeninasnatecnologia.com\/loja\/#website"},"primaryImageOfPage":{"@id":"https:\/\/maismeninasnatecnologia.com\/loja\/produto\/utensilios\/ecobag\/#primaryimage"},"image":{"@id":"https:\/\/maismeninasnatecnologia.com\/loja\/produto\/utensilios\/ecobag\/#primaryimage"},"thumbnailUrl":"https:\/\/maismeninasnatecnologia.com\/loja\/wp-content\/uploads\/2024\/09\/egobags.png","datePublished":"2024-09-09T17:18:39+00:00","dateModified":"2024-09-19T18:36:36+00:00","description":"Com a ecobag MiniDev, voc\u00ea carrega muito mais que objetos. Leve com voc\u00ea a mensagem de empoderamento feminino na tecnologia!","breadcrumb":{"@id":"https:\/\/maismeninasnatecnologia.com\/loja\/produto\/utensilios\/ecobag\/#breadcrumb"},"inLanguage":"pt-BR","potentialAction":[{"@type":"ReadAction","target":["https:\/\/maismeninasnatecnologia.com\/loja\/produto\/utensilios\/ecobag\/"]}]},{"@type":"ImageObject","inLanguage":"pt-BR","@id":"https:\/\/maismeninasnatecnologia.com\/loja\/produto\/utensilios\/ecobag\/#primaryimage","url":"https:\/\/maismeninasnatecnologia.com\/loja\/wp-content\/uploads\/2024\/09\/egobags.png","contentUrl":"https:\/\/maismeninasnatecnologia.com\/loja\/wp-content\/uploads\/2024\/09\/egobags.png","width":1080,"height":1080},{"@type":"BreadcrumbList","@id":"https:\/\/maismeninasnatecnologia.com\/loja\/produto\/utensilios\/ecobag\/#breadcrumb","itemListElement":[{"@type":"ListItem","position":1,"name":"In\u00edcio","item":"https:\/\/maismeninasnatecnologia.com\/loja\/"},{"@type":"ListItem","position":2,"name":"Produtos","item":"https:\/\/maismeninasnatecnologia.com\/loja\/produtos\/"},{"@type":"ListItem","position":3,"name":"Ecobag"}]},{"@type":"WebSite","@id":"https:\/\/maismeninasnatecnologia.com\/loja\/#website","url":"https:\/\/maismeninasnatecnologia.com\/loja\/","name":"Loja Mais Meninas na Tecnologia","description":"A Loja da Mais Meninas na Tecnologia","publisher":{"@id":"https:\/\/maismeninasnatecnologia.com\/loja\/#organization"},"potentialAction":[{"@type":"SearchAction","target":{"@type":"EntryPoint","urlTemplate":"https:\/\/maismeninasnatecnologia.com\/loja\/?s={search_term_string}"},"query-input":{"@type":"PropertyValueSpecification","valueRequired":true,"valueName":"search_term_string"}}],"inLanguage":"pt-BR"},{"@type":"Organization","@id":"https:\/\/maismeninasnatecnologia.com\/loja\/#organization","name":"Loja Mais Meninas na Tecnologia","url":"https:\/\/maismeninasnatecnologia.com\/loja\/","logo":{"@type":"ImageObject","inLanguage":"pt-BR","@id":"https:\/\/maismeninasnatecnologia.com\/loja\/#\/schema\/logo\/image\/","url":"https:\/\/maismeninasnatecnologia.com\/loja\/wp-content\/uploads\/2024\/09\/logo-loja.png","contentUrl":"https:\/\/maismeninasnatecnologia.com\/loja\/wp-content\/uploads\/2024\/09\/logo-loja.png","width":570,"height":190,"caption":"Loja Mais Meninas na Tecnologia"},"image":{"@id":"https:\/\/maismeninasnatecnologia.com\/loja\/#\/schema\/logo\/image\/"},"sameAs":["https:\/\/www.instagram.com\/maismeninasnatecnologia\/"]}]}},"_links":{"self":[{"href":"https:\/\/maismeninasnatecnologia.com\/loja\/wp-json\/wp\/v2\/product\/70"}],"collection":[{"href":"https:\/\/maismeninasnatecnologia.com\/loja\/wp-json\/wp\/v2\/product"}],"about":[{"href":"https:\/\/maismeninasnatecnologia.com\/loja\/wp-json\/wp\/v2\/types\/product"}],"replies":[{"embeddable":true,"href":"https:\/\/maismeninasnatecnologia.com\/loja\/wp-json\/wp\/v2\/comments?post=70"}],"wp:featuredmedia":[{"embeddable":true,"href":"https:\/\/maismeninasnatecnologia.com\/loja\/wp-json\/wp\/v2\/media\/73"}],"wp:attachment":[{"href":"https:\/\/maismeninasnatecnologia.com\/loja\/wp-json\/wp\/v2\/media?parent=70"}],"wp:term":[{"taxonomy":"product_cat","embeddable":true,"href":"https:\/\/maismeninasnatecnologia.com\/loja\/wp-json\/wp\/v2\/product_cat?post=70"},{"taxonomy":"product_tag","embeddable":true,"href":"https:\/\/maismeninasnatecnologia.com\/loja\/wp-json\/wp\/v2\/product_tag?post=70"}],"curies":[{"name":"wp","href":"https:\/\/api.w.org\/{rel}","templated":true}]}}