{"id":120,"date":"2024-10-08T16:36:52","date_gmt":"2024-10-08T19:36:52","guid":{"rendered":"https:\/\/maismeninasnatecnologia.com\/loja\/?post_type=product&#038;p=120"},"modified":"2024-10-08T17:32:02","modified_gmt":"2024-10-08T20:32:02","slug":"livro-infantil-minidev","status":"publish","type":"product","link":"https:\/\/maismeninasnatecnologia.com\/loja\/produto\/livros\/livro-infantil-minidev\/","title":{"rendered":"Livro infantil Minidev"},"content":{"rendered":"<p>O livro infantil Minidev, a menina que deseja programar, da autora Larissa Vitoriano, \u00e9 uma obra encantadora que integra o projeto &#8220;Mais Meninas na Tecnologia&#8221;. Com uma narrativa envolvente, o livro conta a hist\u00f3ria de uma jovem menina determinada a explorar o fascinante mundo da programa\u00e7\u00e3o e das ci\u00eancias exatas. Atrav\u00e9s de uma jornada inspiradora, Minidev incentiva jovens leitores, especialmente meninas, a enxergar o potencial ilimitado que a tecnologia pode oferecer.<\/p>\n<p>Este livro infantil \u00e9 ideal para despertar o interesse de crian\u00e7as pela \u00e1rea de tecnologia, ao mesmo tempo que promove a igualdade de g\u00eanero em campos tradicionalmente dominados por homens. Al\u00e9m de estimular a curiosidade pela programa\u00e7\u00e3o, Minidev refor\u00e7a a import\u00e2ncia da inclus\u00e3o feminina nesse cen\u00e1rio. O projeto carrega uma mensagem forte e positiva: o Brasil (e o mundo!) merece ter #MaisMeninasNaTecnologia.<\/p>\n<p>Se voc\u00ea procura um livro infantil educativo e motivador, Minidev \u00e9 uma excelente escolha para incentivar a pr\u00f3xima gera\u00e7\u00e3o de\u00a0programadoras!<\/p>\n","protected":false},"excerpt":{"rendered":"<p>O livro Minidev, a menina que deseja programar quer inspirar as pessoas leitoras com uma narrativa envolvente sobre a jornada de uma menina rumo ao universo da programa\u00e7\u00e3o e das ci\u00eancias exatas. Afinal, o Brasil (e o mundo!) merece ter <strong>#MaisMeninasNaTecnologia<\/strong>.<\/p>\n","protected":false},"featured_media":122,"comment_status":"closed","ping_status":"closed","template":"","meta":[],"product_cat":[21],"product_tag":[],"class_list":{"0":"post-120","1":"product","2":"type-product","3":"status-publish","4":"has-post-thumbnail","6":"product_cat-livros","8":"first","9":"instock","10":"shipping-taxable","11":"purchasable","12":"product-type-simple"},"yoast_head":"<!-- This site is optimized with the Yoast SEO plugin v23.4 - https:\/\/yoast.com\/wordpress\/plugins\/seo\/ -->\n<title>Livro infantil Minidev - Loja Mais Meninas na Tecnologia<\/title>\n<meta name=\"robots\" content=\"index, follow, max-snippet:-1, max-image-preview:large, max-video-preview:-1\" \/>\n<link rel=\"canonical\" href=\"https:\/\/maismeninasnatecnologia.com\/loja\/produto\/livros\/livro-infantil-minidev\/\" \/>\n<meta property=\"og:locale\" content=\"pt_BR\" \/>\n<meta property=\"og:type\" content=\"article\" \/>\n<meta property=\"og:title\" content=\"Livro infantil Minidev - Loja Mais Meninas na Tecnologia\" \/>\n<meta property=\"og:description\" content=\"O livro Minidev, a menina que deseja programar quer inspirar as pessoas leitoras com uma narrativa envolvente sobre a jornada de uma menina rumo ao universo da programa\u00e7\u00e3o e das ci\u00eancias exatas. Afinal, o Brasil (e o mundo!) merece ter #MaisMeninasNaTecnologia.\" \/>\n<meta property=\"og:url\" content=\"https:\/\/maismeninasnatecnologia.com\/loja\/produto\/livros\/livro-infantil-minidev\/\" \/>\n<meta property=\"og:site_name\" content=\"Loja Mais Meninas na Tecnologia\" \/>\n<meta property=\"article:modified_time\" content=\"2024-10-08T20:32:02+00:00\" \/>\n<meta property=\"og:image\" content=\"https:\/\/maismeninasnatecnologia.com\/loja\/wp-content\/uploads\/2024\/10\/livro-infantil-minidev.png\" \/>\n\t<meta property=\"og:image:width\" content=\"1080\" \/>\n\t<meta property=\"og:image:height\" content=\"1080\" \/>\n\t<meta property=\"og:image:type\" content=\"image\/png\" \/>\n<meta name=\"twitter:card\" content=\"summary_large_image\" \/>\n<meta name=\"twitter:label1\" content=\"Est. tempo de leitura\" \/>\n\t<meta name=\"twitter:data1\" content=\"2 minutos\" \/>\n<script type=\"application\/ld+json\" class=\"yoast-schema-graph\">{\"@context\":\"https:\/\/schema.org\",\"@graph\":[{\"@type\":\"WebPage\",\"@id\":\"https:\/\/maismeninasnatecnologia.com\/loja\/produto\/livros\/livro-infantil-minidev\/\",\"url\":\"https:\/\/maismeninasnatecnologia.com\/loja\/produto\/livros\/livro-infantil-minidev\/\",\"name\":\"Livro infantil Minidev - Loja Mais Meninas na Tecnologia\",\"isPartOf\":{\"@id\":\"https:\/\/maismeninasnatecnologia.com\/loja\/#website\"},\"primaryImageOfPage\":{\"@id\":\"https:\/\/maismeninasnatecnologia.com\/loja\/produto\/livros\/livro-infantil-minidev\/#primaryimage\"},\"image\":{\"@id\":\"https:\/\/maismeninasnatecnologia.com\/loja\/produto\/livros\/livro-infantil-minidev\/#primaryimage\"},\"thumbnailUrl\":\"https:\/\/maismeninasnatecnologia.com\/loja\/wp-content\/uploads\/2024\/10\/livro-infantil-minidev.png\",\"datePublished\":\"2024-10-08T19:36:52+00:00\",\"dateModified\":\"2024-10-08T20:32:02+00:00\",\"breadcrumb\":{\"@id\":\"https:\/\/maismeninasnatecnologia.com\/loja\/produto\/livros\/livro-infantil-minidev\/#breadcrumb\"},\"inLanguage\":\"pt-BR\",\"potentialAction\":[{\"@type\":\"ReadAction\",\"target\":[\"https:\/\/maismeninasnatecnologia.com\/loja\/produto\/livros\/livro-infantil-minidev\/\"]}]},{\"@type\":\"ImageObject\",\"inLanguage\":\"pt-BR\",\"@id\":\"https:\/\/maismeninasnatecnologia.com\/loja\/produto\/livros\/livro-infantil-minidev\/#primaryimage\",\"url\":\"https:\/\/maismeninasnatecnologia.com\/loja\/wp-content\/uploads\/2024\/10\/livro-infantil-minidev.png\",\"contentUrl\":\"https:\/\/maismeninasnatecnologia.com\/loja\/wp-content\/uploads\/2024\/10\/livro-infantil-minidev.png\",\"width\":1080,\"height\":1080},{\"@type\":\"BreadcrumbList\",\"@id\":\"https:\/\/maismeninasnatecnologia.com\/loja\/produto\/livros\/livro-infantil-minidev\/#breadcrumb\",\"itemListElement\":[{\"@type\":\"ListItem\",\"position\":1,\"name\":\"In\u00edcio\",\"item\":\"https:\/\/maismeninasnatecnologia.com\/loja\/\"},{\"@type\":\"ListItem\",\"position\":2,\"name\":\"Produtos\",\"item\":\"https:\/\/maismeninasnatecnologia.com\/loja\/produtos\/\"},{\"@type\":\"ListItem\",\"position\":3,\"name\":\"Livro infantil Minidev\"}]},{\"@type\":\"WebSite\",\"@id\":\"https:\/\/maismeninasnatecnologia.com\/loja\/#website\",\"url\":\"https:\/\/maismeninasnatecnologia.com\/loja\/\",\"name\":\"Loja Mais Meninas na Tecnologia\",\"description\":\"A Loja da Mais Meninas na Tecnologia\",\"publisher\":{\"@id\":\"https:\/\/maismeninasnatecnologia.com\/loja\/#organization\"},\"potentialAction\":[{\"@type\":\"SearchAction\",\"target\":{\"@type\":\"EntryPoint\",\"urlTemplate\":\"https:\/\/maismeninasnatecnologia.com\/loja\/?s={search_term_string}\"},\"query-input\":{\"@type\":\"PropertyValueSpecification\",\"valueRequired\":true,\"valueName\":\"search_term_string\"}}],\"inLanguage\":\"pt-BR\"},{\"@type\":\"Organization\",\"@id\":\"https:\/\/maismeninasnatecnologia.com\/loja\/#organization\",\"name\":\"Loja Mais Meninas na Tecnologia\",\"url\":\"https:\/\/maismeninasnatecnologia.com\/loja\/\",\"logo\":{\"@type\":\"ImageObject\",\"inLanguage\":\"pt-BR\",\"@id\":\"https:\/\/maismeninasnatecnologia.com\/loja\/#\/schema\/logo\/image\/\",\"url\":\"https:\/\/maismeninasnatecnologia.com\/loja\/wp-content\/uploads\/2024\/09\/logo-loja.png\",\"contentUrl\":\"https:\/\/maismeninasnatecnologia.com\/loja\/wp-content\/uploads\/2024\/09\/logo-loja.png\",\"width\":570,\"height\":190,\"caption\":\"Loja Mais Meninas na Tecnologia\"},\"image\":{\"@id\":\"https:\/\/maismeninasnatecnologia.com\/loja\/#\/schema\/logo\/image\/\"},\"sameAs\":[\"https:\/\/www.instagram.com\/maismeninasnatecnologia\/\"]}]}<\/script>\n<!-- \/ Yoast SEO plugin. -->","yoast_head_json":{"title":"Livro infantil Minidev - Loja Mais Meninas na Tecnologia","robots":{"index":"index","follow":"follow","max-snippet":"max-snippet:-1","max-image-preview":"max-image-preview:large","max-video-preview":"max-video-preview:-1"},"canonical":"https:\/\/maismeninasnatecnologia.com\/loja\/produto\/livros\/livro-infantil-minidev\/","og_locale":"pt_BR","og_type":"article","og_title":"Livro infantil Minidev - Loja Mais Meninas na Tecnologia","og_description":"O livro Minidev, a menina que deseja programar quer inspirar as pessoas leitoras com uma narrativa envolvente sobre a jornada de uma menina rumo ao universo da programa\u00e7\u00e3o e das ci\u00eancias exatas. Afinal, o Brasil (e o mundo!) merece ter #MaisMeninasNaTecnologia.","og_url":"https:\/\/maismeninasnatecnologia.com\/loja\/produto\/livros\/livro-infantil-minidev\/","og_site_name":"Loja Mais Meninas na Tecnologia","article_modified_time":"2024-10-08T20:32:02+00:00","og_image":[{"width":1080,"height":1080,"url":"https:\/\/maismeninasnatecnologia.com\/loja\/wp-content\/uploads\/2024\/10\/livro-infantil-minidev.png","type":"image\/png"}],"twitter_card":"summary_large_image","twitter_misc":{"Est. tempo de leitura":"2 minutos"},"schema":{"@context":"https:\/\/schema.org","@graph":[{"@type":"WebPage","@id":"https:\/\/maismeninasnatecnologia.com\/loja\/produto\/livros\/livro-infantil-minidev\/","url":"https:\/\/maismeninasnatecnologia.com\/loja\/produto\/livros\/livro-infantil-minidev\/","name":"Livro infantil Minidev - Loja Mais Meninas na Tecnologia","isPartOf":{"@id":"https:\/\/maismeninasnatecnologia.com\/loja\/#website"},"primaryImageOfPage":{"@id":"https:\/\/maismeninasnatecnologia.com\/loja\/produto\/livros\/livro-infantil-minidev\/#primaryimage"},"image":{"@id":"https:\/\/maismeninasnatecnologia.com\/loja\/produto\/livros\/livro-infantil-minidev\/#primaryimage"},"thumbnailUrl":"https:\/\/maismeninasnatecnologia.com\/loja\/wp-content\/uploads\/2024\/10\/livro-infantil-minidev.png","datePublished":"2024-10-08T19:36:52+00:00","dateModified":"2024-10-08T20:32:02+00:00","breadcrumb":{"@id":"https:\/\/maismeninasnatecnologia.com\/loja\/produto\/livros\/livro-infantil-minidev\/#breadcrumb"},"inLanguage":"pt-BR","potentialAction":[{"@type":"ReadAction","target":["https:\/\/maismeninasnatecnologia.com\/loja\/produto\/livros\/livro-infantil-minidev\/"]}]},{"@type":"ImageObject","inLanguage":"pt-BR","@id":"https:\/\/maismeninasnatecnologia.com\/loja\/produto\/livros\/livro-infantil-minidev\/#primaryimage","url":"https:\/\/maismeninasnatecnologia.com\/loja\/wp-content\/uploads\/2024\/10\/livro-infantil-minidev.png","contentUrl":"https:\/\/maismeninasnatecnologia.com\/loja\/wp-content\/uploads\/2024\/10\/livro-infantil-minidev.png","width":1080,"height":1080},{"@type":"BreadcrumbList","@id":"https:\/\/maismeninasnatecnologia.com\/loja\/produto\/livros\/livro-infantil-minidev\/#breadcrumb","itemListElement":[{"@type":"ListItem","position":1,"name":"In\u00edcio","item":"https:\/\/maismeninasnatecnologia.com\/loja\/"},{"@type":"ListItem","position":2,"name":"Produtos","item":"https:\/\/maismeninasnatecnologia.com\/loja\/produtos\/"},{"@type":"ListItem","position":3,"name":"Livro infantil Minidev"}]},{"@type":"WebSite","@id":"https:\/\/maismeninasnatecnologia.com\/loja\/#website","url":"https:\/\/maismeninasnatecnologia.com\/loja\/","name":"Loja Mais Meninas na Tecnologia","description":"A Loja da Mais Meninas na Tecnologia","publisher":{"@id":"https:\/\/maismeninasnatecnologia.com\/loja\/#organization"},"potentialAction":[{"@type":"SearchAction","target":{"@type":"EntryPoint","urlTemplate":"https:\/\/maismeninasnatecnologia.com\/loja\/?s={search_term_string}"},"query-input":{"@type":"PropertyValueSpecification","valueRequired":true,"valueName":"search_term_string"}}],"inLanguage":"pt-BR"},{"@type":"Organization","@id":"https:\/\/maismeninasnatecnologia.com\/loja\/#organization","name":"Loja Mais Meninas na Tecnologia","url":"https:\/\/maismeninasnatecnologia.com\/loja\/","logo":{"@type":"ImageObject","inLanguage":"pt-BR","@id":"https:\/\/maismeninasnatecnologia.com\/loja\/#\/schema\/logo\/image\/","url":"https:\/\/maismeninasnatecnologia.com\/loja\/wp-content\/uploads\/2024\/09\/logo-loja.png","contentUrl":"https:\/\/maismeninasnatecnologia.com\/loja\/wp-content\/uploads\/2024\/09\/logo-loja.png","width":570,"height":190,"caption":"Loja Mais Meninas na Tecnologia"},"image":{"@id":"https:\/\/maismeninasnatecnologia.com\/loja\/#\/schema\/logo\/image\/"},"sameAs":["https:\/\/www.instagram.com\/maismeninasnatecnologia\/"]}]}},"_links":{"self":[{"href":"https:\/\/maismeninasnatecnologia.com\/loja\/wp-json\/wp\/v2\/product\/120"}],"collection":[{"href":"https:\/\/maismeninasnatecnologia.com\/loja\/wp-json\/wp\/v2\/product"}],"about":[{"href":"https:\/\/maismeninasnatecnologia.com\/loja\/wp-json\/wp\/v2\/types\/product"}],"replies":[{"embeddable":true,"href":"https:\/\/maismeninasnatecnologia.com\/loja\/wp-json\/wp\/v2\/comments?post=120"}],"wp:featuredmedia":[{"embeddable":true,"href":"https:\/\/maismeninasnatecnologia.com\/loja\/wp-json\/wp\/v2\/media\/122"}],"wp:attachment":[{"href":"https:\/\/maismeninasnatecnologia.com\/loja\/wp-json\/wp\/v2\/media?parent=120"}],"wp:term":[{"taxonomy":"product_cat","embeddable":true,"href":"https:\/\/maismeninasnatecnologia.com\/loja\/wp-json\/wp\/v2\/product_cat?post=120"},{"taxonomy":"product_tag","embeddable":true,"href":"https:\/\/maismeninasnatecnologia.com\/loja\/wp-json\/wp\/v2\/product_tag?post=120"}],"curies":[{"name":"wp","href":"https:\/\/api.w.org\/{rel}","templated":true}]}}