{"id":115,"date":"2024-09-19T15:06:20","date_gmt":"2024-09-19T18:06:20","guid":{"rendered":"https:\/\/maismeninasnatecnologia.com\/loja\/?post_type=product&#038;p=115"},"modified":"2024-09-19T15:55:22","modified_gmt":"2024-09-19T18:55:22","slug":"copo-minidev-300ml-bpa-free","status":"publish","type":"product","link":"https:\/\/maismeninasnatecnologia.com\/loja\/produto\/copos\/copo-minidev-300ml-bpa-free\/","title":{"rendered":"Copo MiniDev 300ml BPA Free"},"content":{"rendered":"<p>O Copo MiniDev 300ml \u00e9 mais do que um simples copo; \u00e9 uma declara\u00e7\u00e3o de apoio \u00e0 inclus\u00e3o de mais meninas na tecnologia. Com seu material livre de BPA, ele oferece seguran\u00e7a para todos os momentos, desde a hora do lanche at\u00e9 um caf\u00e9 no trabalho. Compacto, leve e f\u00e1cil de transportar, este copo carrega uma estampa exclusiva da MiniDev, inspirando novas gera\u00e7\u00f5es a romperem barreiras. Transforme cada gole em um ato de empoderamento!<\/p>\n","protected":false},"excerpt":{"rendered":"<p>Com 300ml e livre de BPA, \u00e9 perfeito para o dia a dia de quem apoia a inclus\u00e3o feminina na tecnologia.<\/p>\n","protected":false},"featured_media":116,"comment_status":"closed","ping_status":"closed","template":"","meta":[],"product_cat":[37],"product_tag":[],"class_list":{"0":"post-115","1":"product","2":"type-product","3":"status-publish","4":"has-post-thumbnail","6":"product_cat-copos","8":"first","9":"instock","10":"shipping-taxable","11":"purchasable","12":"product-type-simple"},"yoast_head":"<!-- This site is optimized with the Yoast SEO plugin v23.4 - https:\/\/yoast.com\/wordpress\/plugins\/seo\/ -->\n<title>Copo MiniDev 300ml BPA Free - Loja Mais Meninas na Tecnologia<\/title>\n<meta name=\"description\" content=\"Com 300ml e livre de BPA, \u00e9 perfeito para o dia a dia de quem apoia a inclus\u00e3o feminina na tecnologia.\" \/>\n<meta name=\"robots\" content=\"index, follow, max-snippet:-1, max-image-preview:large, max-video-preview:-1\" \/>\n<link rel=\"canonical\" href=\"https:\/\/maismeninasnatecnologia.com\/loja\/produto\/copos\/copo-minidev-300ml-bpa-free\/\" \/>\n<meta property=\"og:locale\" content=\"pt_BR\" \/>\n<meta property=\"og:type\" content=\"article\" \/>\n<meta property=\"og:title\" content=\"Copo MiniDev 300ml BPA Free - Loja Mais Meninas na Tecnologia\" \/>\n<meta property=\"og:description\" content=\"Com 300ml e livre de BPA, \u00e9 perfeito para o dia a dia de quem apoia a inclus\u00e3o feminina na tecnologia.\" \/>\n<meta property=\"og:url\" content=\"https:\/\/maismeninasnatecnologia.com\/loja\/produto\/copos\/copo-minidev-300ml-bpa-free\/\" \/>\n<meta property=\"og:site_name\" content=\"Loja Mais Meninas na Tecnologia\" \/>\n<meta property=\"article:modified_time\" content=\"2024-09-19T18:55:22+00:00\" \/>\n<meta property=\"og:image\" content=\"https:\/\/maismeninasnatecnologia.com\/loja\/wp-content\/uploads\/2024\/09\/copo-300ml.png\" \/>\n\t<meta property=\"og:image:width\" content=\"1080\" \/>\n\t<meta property=\"og:image:height\" content=\"1080\" \/>\n\t<meta property=\"og:image:type\" content=\"image\/png\" \/>\n<meta name=\"twitter:card\" content=\"summary_large_image\" \/>\n<meta name=\"twitter:label1\" content=\"Est. tempo de leitura\" \/>\n\t<meta name=\"twitter:data1\" content=\"1 minuto\" \/>\n<script type=\"application\/ld+json\" class=\"yoast-schema-graph\">{\"@context\":\"https:\/\/schema.org\",\"@graph\":[{\"@type\":\"WebPage\",\"@id\":\"https:\/\/maismeninasnatecnologia.com\/loja\/produto\/copos\/copo-minidev-300ml-bpa-free\/\",\"url\":\"https:\/\/maismeninasnatecnologia.com\/loja\/produto\/copos\/copo-minidev-300ml-bpa-free\/\",\"name\":\"Copo MiniDev 300ml BPA Free - Loja Mais Meninas na Tecnologia\",\"isPartOf\":{\"@id\":\"https:\/\/maismeninasnatecnologia.com\/loja\/#website\"},\"primaryImageOfPage\":{\"@id\":\"https:\/\/maismeninasnatecnologia.com\/loja\/produto\/copos\/copo-minidev-300ml-bpa-free\/#primaryimage\"},\"image\":{\"@id\":\"https:\/\/maismeninasnatecnologia.com\/loja\/produto\/copos\/copo-minidev-300ml-bpa-free\/#primaryimage\"},\"thumbnailUrl\":\"https:\/\/maismeninasnatecnologia.com\/loja\/wp-content\/uploads\/2024\/09\/copo-300ml.png\",\"datePublished\":\"2024-09-19T18:06:20+00:00\",\"dateModified\":\"2024-09-19T18:55:22+00:00\",\"description\":\"Com 300ml e livre de BPA, \u00e9 perfeito para o dia a dia de quem apoia a inclus\u00e3o feminina na tecnologia.\",\"breadcrumb\":{\"@id\":\"https:\/\/maismeninasnatecnologia.com\/loja\/produto\/copos\/copo-minidev-300ml-bpa-free\/#breadcrumb\"},\"inLanguage\":\"pt-BR\",\"potentialAction\":[{\"@type\":\"ReadAction\",\"target\":[\"https:\/\/maismeninasnatecnologia.com\/loja\/produto\/copos\/copo-minidev-300ml-bpa-free\/\"]}]},{\"@type\":\"ImageObject\",\"inLanguage\":\"pt-BR\",\"@id\":\"https:\/\/maismeninasnatecnologia.com\/loja\/produto\/copos\/copo-minidev-300ml-bpa-free\/#primaryimage\",\"url\":\"https:\/\/maismeninasnatecnologia.com\/loja\/wp-content\/uploads\/2024\/09\/copo-300ml.png\",\"contentUrl\":\"https:\/\/maismeninasnatecnologia.com\/loja\/wp-content\/uploads\/2024\/09\/copo-300ml.png\",\"width\":1080,\"height\":1080},{\"@type\":\"BreadcrumbList\",\"@id\":\"https:\/\/maismeninasnatecnologia.com\/loja\/produto\/copos\/copo-minidev-300ml-bpa-free\/#breadcrumb\",\"itemListElement\":[{\"@type\":\"ListItem\",\"position\":1,\"name\":\"In\u00edcio\",\"item\":\"https:\/\/maismeninasnatecnologia.com\/loja\/\"},{\"@type\":\"ListItem\",\"position\":2,\"name\":\"Produtos\",\"item\":\"https:\/\/maismeninasnatecnologia.com\/loja\/produtos\/\"},{\"@type\":\"ListItem\",\"position\":3,\"name\":\"Copo MiniDev 300ml BPA Free\"}]},{\"@type\":\"WebSite\",\"@id\":\"https:\/\/maismeninasnatecnologia.com\/loja\/#website\",\"url\":\"https:\/\/maismeninasnatecnologia.com\/loja\/\",\"name\":\"Loja Mais Meninas na Tecnologia\",\"description\":\"A Loja da Mais Meninas na Tecnologia\",\"publisher\":{\"@id\":\"https:\/\/maismeninasnatecnologia.com\/loja\/#organization\"},\"potentialAction\":[{\"@type\":\"SearchAction\",\"target\":{\"@type\":\"EntryPoint\",\"urlTemplate\":\"https:\/\/maismeninasnatecnologia.com\/loja\/?s={search_term_string}\"},\"query-input\":{\"@type\":\"PropertyValueSpecification\",\"valueRequired\":true,\"valueName\":\"search_term_string\"}}],\"inLanguage\":\"pt-BR\"},{\"@type\":\"Organization\",\"@id\":\"https:\/\/maismeninasnatecnologia.com\/loja\/#organization\",\"name\":\"Loja Mais Meninas na Tecnologia\",\"url\":\"https:\/\/maismeninasnatecnologia.com\/loja\/\",\"logo\":{\"@type\":\"ImageObject\",\"inLanguage\":\"pt-BR\",\"@id\":\"https:\/\/maismeninasnatecnologia.com\/loja\/#\/schema\/logo\/image\/\",\"url\":\"https:\/\/maismeninasnatecnologia.com\/loja\/wp-content\/uploads\/2024\/09\/logo-loja.png\",\"contentUrl\":\"https:\/\/maismeninasnatecnologia.com\/loja\/wp-content\/uploads\/2024\/09\/logo-loja.png\",\"width\":570,\"height\":190,\"caption\":\"Loja Mais Meninas na Tecnologia\"},\"image\":{\"@id\":\"https:\/\/maismeninasnatecnologia.com\/loja\/#\/schema\/logo\/image\/\"},\"sameAs\":[\"https:\/\/www.instagram.com\/maismeninasnatecnologia\/\"]}]}<\/script>\n<!-- \/ Yoast SEO plugin. -->","yoast_head_json":{"title":"Copo MiniDev 300ml BPA Free - Loja Mais Meninas na Tecnologia","description":"Com 300ml e livre de BPA, \u00e9 perfeito para o dia a dia de quem apoia a inclus\u00e3o feminina na tecnologia.","robots":{"index":"index","follow":"follow","max-snippet":"max-snippet:-1","max-image-preview":"max-image-preview:large","max-video-preview":"max-video-preview:-1"},"canonical":"https:\/\/maismeninasnatecnologia.com\/loja\/produto\/copos\/copo-minidev-300ml-bpa-free\/","og_locale":"pt_BR","og_type":"article","og_title":"Copo MiniDev 300ml BPA Free - Loja Mais Meninas na Tecnologia","og_description":"Com 300ml e livre de BPA, \u00e9 perfeito para o dia a dia de quem apoia a inclus\u00e3o feminina na tecnologia.","og_url":"https:\/\/maismeninasnatecnologia.com\/loja\/produto\/copos\/copo-minidev-300ml-bpa-free\/","og_site_name":"Loja Mais Meninas na Tecnologia","article_modified_time":"2024-09-19T18:55:22+00:00","og_image":[{"width":1080,"height":1080,"url":"https:\/\/maismeninasnatecnologia.com\/loja\/wp-content\/uploads\/2024\/09\/copo-300ml.png","type":"image\/png"}],"twitter_card":"summary_large_image","twitter_misc":{"Est. tempo de leitura":"1 minuto"},"schema":{"@context":"https:\/\/schema.org","@graph":[{"@type":"WebPage","@id":"https:\/\/maismeninasnatecnologia.com\/loja\/produto\/copos\/copo-minidev-300ml-bpa-free\/","url":"https:\/\/maismeninasnatecnologia.com\/loja\/produto\/copos\/copo-minidev-300ml-bpa-free\/","name":"Copo MiniDev 300ml BPA Free - Loja Mais Meninas na Tecnologia","isPartOf":{"@id":"https:\/\/maismeninasnatecnologia.com\/loja\/#website"},"primaryImageOfPage":{"@id":"https:\/\/maismeninasnatecnologia.com\/loja\/produto\/copos\/copo-minidev-300ml-bpa-free\/#primaryimage"},"image":{"@id":"https:\/\/maismeninasnatecnologia.com\/loja\/produto\/copos\/copo-minidev-300ml-bpa-free\/#primaryimage"},"thumbnailUrl":"https:\/\/maismeninasnatecnologia.com\/loja\/wp-content\/uploads\/2024\/09\/copo-300ml.png","datePublished":"2024-09-19T18:06:20+00:00","dateModified":"2024-09-19T18:55:22+00:00","description":"Com 300ml e livre de BPA, \u00e9 perfeito para o dia a dia de quem apoia a inclus\u00e3o feminina na tecnologia.","breadcrumb":{"@id":"https:\/\/maismeninasnatecnologia.com\/loja\/produto\/copos\/copo-minidev-300ml-bpa-free\/#breadcrumb"},"inLanguage":"pt-BR","potentialAction":[{"@type":"ReadAction","target":["https:\/\/maismeninasnatecnologia.com\/loja\/produto\/copos\/copo-minidev-300ml-bpa-free\/"]}]},{"@type":"ImageObject","inLanguage":"pt-BR","@id":"https:\/\/maismeninasnatecnologia.com\/loja\/produto\/copos\/copo-minidev-300ml-bpa-free\/#primaryimage","url":"https:\/\/maismeninasnatecnologia.com\/loja\/wp-content\/uploads\/2024\/09\/copo-300ml.png","contentUrl":"https:\/\/maismeninasnatecnologia.com\/loja\/wp-content\/uploads\/2024\/09\/copo-300ml.png","width":1080,"height":1080},{"@type":"BreadcrumbList","@id":"https:\/\/maismeninasnatecnologia.com\/loja\/produto\/copos\/copo-minidev-300ml-bpa-free\/#breadcrumb","itemListElement":[{"@type":"ListItem","position":1,"name":"In\u00edcio","item":"https:\/\/maismeninasnatecnologia.com\/loja\/"},{"@type":"ListItem","position":2,"name":"Produtos","item":"https:\/\/maismeninasnatecnologia.com\/loja\/produtos\/"},{"@type":"ListItem","position":3,"name":"Copo MiniDev 300ml BPA Free"}]},{"@type":"WebSite","@id":"https:\/\/maismeninasnatecnologia.com\/loja\/#website","url":"https:\/\/maismeninasnatecnologia.com\/loja\/","name":"Loja Mais Meninas na Tecnologia","description":"A Loja da Mais Meninas na Tecnologia","publisher":{"@id":"https:\/\/maismeninasnatecnologia.com\/loja\/#organization"},"potentialAction":[{"@type":"SearchAction","target":{"@type":"EntryPoint","urlTemplate":"https:\/\/maismeninasnatecnologia.com\/loja\/?s={search_term_string}"},"query-input":{"@type":"PropertyValueSpecification","valueRequired":true,"valueName":"search_term_string"}}],"inLanguage":"pt-BR"},{"@type":"Organization","@id":"https:\/\/maismeninasnatecnologia.com\/loja\/#organization","name":"Loja Mais Meninas na Tecnologia","url":"https:\/\/maismeninasnatecnologia.com\/loja\/","logo":{"@type":"ImageObject","inLanguage":"pt-BR","@id":"https:\/\/maismeninasnatecnologia.com\/loja\/#\/schema\/logo\/image\/","url":"https:\/\/maismeninasnatecnologia.com\/loja\/wp-content\/uploads\/2024\/09\/logo-loja.png","contentUrl":"https:\/\/maismeninasnatecnologia.com\/loja\/wp-content\/uploads\/2024\/09\/logo-loja.png","width":570,"height":190,"caption":"Loja Mais Meninas na Tecnologia"},"image":{"@id":"https:\/\/maismeninasnatecnologia.com\/loja\/#\/schema\/logo\/image\/"},"sameAs":["https:\/\/www.instagram.com\/maismeninasnatecnologia\/"]}]}},"_links":{"self":[{"href":"https:\/\/maismeninasnatecnologia.com\/loja\/wp-json\/wp\/v2\/product\/115"}],"collection":[{"href":"https:\/\/maismeninasnatecnologia.com\/loja\/wp-json\/wp\/v2\/product"}],"about":[{"href":"https:\/\/maismeninasnatecnologia.com\/loja\/wp-json\/wp\/v2\/types\/product"}],"replies":[{"embeddable":true,"href":"https:\/\/maismeninasnatecnologia.com\/loja\/wp-json\/wp\/v2\/comments?post=115"}],"wp:featuredmedia":[{"embeddable":true,"href":"https:\/\/maismeninasnatecnologia.com\/loja\/wp-json\/wp\/v2\/media\/116"}],"wp:attachment":[{"href":"https:\/\/maismeninasnatecnologia.com\/loja\/wp-json\/wp\/v2\/media?parent=115"}],"wp:term":[{"taxonomy":"product_cat","embeddable":true,"href":"https:\/\/maismeninasnatecnologia.com\/loja\/wp-json\/wp\/v2\/product_cat?post=115"},{"taxonomy":"product_tag","embeddable":true,"href":"https:\/\/maismeninasnatecnologia.com\/loja\/wp-json\/wp\/v2\/product_tag?post=115"}],"curies":[{"name":"wp","href":"https:\/\/api.w.org\/{rel}","templated":true}]}}