{"id":26,"date":"2024-09-05T10:53:04","date_gmt":"2024-09-05T13:53:04","guid":{"rendered":"https:\/\/maismeninasnatecnologia.com\/loja\/?page_id=26"},"modified":"2024-10-30T21:04:35","modified_gmt":"2024-10-31T00:04:35","slug":"home","status":"publish","type":"page","link":"https:\/\/maismeninasnatecnologia.com\/loja\/","title":{"rendered":"Home"},"content":{"rendered":"<div class=\"wp-block-columns no-margin is-layout-flex wp-container-core-columns-is-layout-1 wp-block-columns-is-layout-flex\" style=\"margin-top:0;margin-bottom:0\"><div class=\"wp-block-column is-layout-flow wp-block-column-is-layout-flow\" style=\"flex-basis:100%\"><figure class=\"wp-block-image size-full no-margin\"><a href=\"https:\/\/maismeninasnatecnologia.com\/loja\/produto\/livros\/livro-infantil-minidev\/\"><img loading=\"lazy\" decoding=\"async\" width=\"1280\" height=\"464\" src=\"https:\/\/maismeninasnatecnologia.com\/loja\/wp-content\/uploads\/2024\/09\/Minidev.jpg\" alt=\"\" class=\"wp-image-143\" srcset=\"https:\/\/maismeninasnatecnologia.com\/loja\/wp-content\/uploads\/2024\/09\/Minidev.jpg 1280w, https:\/\/maismeninasnatecnologia.com\/loja\/wp-content\/uploads\/2024\/09\/Minidev-500x181.jpg 500w, https:\/\/maismeninasnatecnologia.com\/loja\/wp-content\/uploads\/2024\/09\/Minidev-1024x371.jpg 1024w, https:\/\/maismeninasnatecnologia.com\/loja\/wp-content\/uploads\/2024\/09\/Minidev-768x278.jpg 768w, https:\/\/maismeninasnatecnologia.com\/loja\/wp-content\/uploads\/2024\/09\/Minidev-416x151.jpg 416w\" sizes=\"(max-width: 1280px) 100vw, 1280px\" \/><\/a><\/figure><\/div><\/div><h2 class=\"wp-block-heading has-text-align-center\" style=\"margin-top:0;margin-bottom:var(--wp--preset--spacing--40)\">Nossos Produtos<\/h2><div class=\"wp-block-columns alignwide is-layout-flex wp-container-core-columns-is-layout-2 wp-block-columns-is-layout-flex\"><div class=\"wp-block-column is-layout-flow wp-block-column-is-layout-flow\"><div class=\"wp-block-image\"><figure class=\"aligncenter size-full\"><a href=\"https:\/\/maismeninasnatecnologia.com\/loja\/setor\/camisetas\/\"><img loading=\"lazy\" decoding=\"async\" width=\"324\" height=\"432\" src=\"https:\/\/maismeninasnatecnologia.com\/loja\/wp-content\/uploads\/2024\/09\/camisetas-categoria.png\" alt=\"\" class=\"wp-image-31\"\/><\/a><\/figure><\/div><\/div>\n\n<div class=\"wp-block-column is-layout-flow wp-block-column-is-layout-flow\"><div class=\"wp-block-image\"><figure class=\"aligncenter size-full\"><a href=\"https:\/\/maismeninasnatecnologia.com\/loja\/produto\/utensilios\/ecobag\/\"><img loading=\"lazy\" decoding=\"async\" width=\"324\" height=\"432\" src=\"https:\/\/maismeninasnatecnologia.com\/loja\/wp-content\/uploads\/2024\/09\/egobags-categoria.png\" alt=\"\" class=\"wp-image-38\"\/><\/a><\/figure><\/div><\/div>\n\n<div class=\"wp-block-column is-layout-flow wp-block-column-is-layout-flow\"><div class=\"wp-block-image\"><figure class=\"aligncenter size-full\"><a href=\"https:\/\/maismeninasnatecnologia.com\/loja\/setor\/copos\/\"><img loading=\"lazy\" decoding=\"async\" width=\"324\" height=\"432\" src=\"https:\/\/maismeninasnatecnologia.com\/loja\/wp-content\/uploads\/2024\/09\/copos-categoria.png\" alt=\"\" class=\"wp-image-40\"\/><\/a><\/figure><\/div><\/div><\/div><div data-block-name=\"woocommerce\/product-new\" data-content-visibility=\"{&quot;image&quot;:true,&quot;title&quot;:true,&quot;price&quot;:true,&quot;rating&quot;:false,&quot;button&quot;:true}\" data-rows=\"1\" data-stock-status=\"[&quot;&quot;,&quot;instock&quot;]\" class=\"wc-block-grid wp-block-product-new wc-block-product-new has-3-columns\"><ul class=\"wc-block-grid__products\"><li class=\"wc-block-grid__product\">\n\t\t\t\t<a href=\"https:\/\/maismeninasnatecnologia.com\/loja\/produto\/livros\/livro-infantil-minidev\/\" class=\"wc-block-grid__product-link\">\n\t\t\t\t\t\n\t\t\t\t\t<div class=\"wc-block-grid__product-image\"><img loading=\"lazy\" decoding=\"async\" width=\"324\" height=\"324\" src=\"https:\/\/maismeninasnatecnologia.com\/loja\/wp-content\/uploads\/2024\/10\/livro-infantil-minidev-324x324.png\" class=\"attachment-woocommerce_thumbnail size-woocommerce_thumbnail\" alt=\"Livro infantil Minidev\" srcset=\"https:\/\/maismeninasnatecnologia.com\/loja\/wp-content\/uploads\/2024\/10\/livro-infantil-minidev-324x324.png 324w, https:\/\/maismeninasnatecnologia.com\/loja\/wp-content\/uploads\/2024\/10\/livro-infantil-minidev-500x500.png 500w, https:\/\/maismeninasnatecnologia.com\/loja\/wp-content\/uploads\/2024\/10\/livro-infantil-minidev-1024x1024.png 1024w, https:\/\/maismeninasnatecnologia.com\/loja\/wp-content\/uploads\/2024\/10\/livro-infantil-minidev-150x150.png 150w, https:\/\/maismeninasnatecnologia.com\/loja\/wp-content\/uploads\/2024\/10\/livro-infantil-minidev-768x768.png 768w, https:\/\/maismeninasnatecnologia.com\/loja\/wp-content\/uploads\/2024\/10\/livro-infantil-minidev-416x416.png 416w, https:\/\/maismeninasnatecnologia.com\/loja\/wp-content\/uploads\/2024\/10\/livro-infantil-minidev-100x100.png 100w, https:\/\/maismeninasnatecnologia.com\/loja\/wp-content\/uploads\/2024\/10\/livro-infantil-minidev.png 1080w\" sizes=\"(max-width: 324px) 100vw, 324px\" \/><\/div>\n\t\t\t\t\t<div class=\"wc-block-grid__product-title\">Livro infantil Minidev<\/div>\n\t\t\t\t<\/a>\n\t\t\t\t<div class=\"wc-block-grid__product-price price\"><span class=\"woocommerce-Price-amount amount\"><span class=\"woocommerce-Price-currencySymbol\">&#082;&#036;<\/span>&nbsp;19,90<\/span><\/div>\n\t\t\t\t\n\t\t\t\t<div class=\"wp-block-button wc-block-grid__product-add-to-cart\"><a href=\"?add-to-cart=120\" aria-label=\"Add to cart: &ldquo;Livro infantil Minidev&rdquo;\" data-quantity=\"1\" data-product_id=\"120\" data-product_sku=\"900\" data-price=\"19.9\" rel=\"nofollow\" class=\"wp-block-button__link  add_to_cart_button ajax_add_to_cart\">Comprar<\/a><\/div>\n\t\t\t<\/li><li class=\"wc-block-grid__product\">\n\t\t\t\t<a href=\"https:\/\/maismeninasnatecnologia.com\/loja\/produto\/copos\/copo-minidev-300ml-bpa-free\/\" class=\"wc-block-grid__product-link\">\n\t\t\t\t\t\n\t\t\t\t\t<div class=\"wc-block-grid__product-image\"><img loading=\"lazy\" decoding=\"async\" width=\"324\" height=\"324\" src=\"https:\/\/maismeninasnatecnologia.com\/loja\/wp-content\/uploads\/2024\/09\/copo-300ml-324x324.png\" class=\"attachment-woocommerce_thumbnail size-woocommerce_thumbnail\" alt=\"Copo MiniDev 300ml BPA Free\" srcset=\"https:\/\/maismeninasnatecnologia.com\/loja\/wp-content\/uploads\/2024\/09\/copo-300ml-324x324.png 324w, https:\/\/maismeninasnatecnologia.com\/loja\/wp-content\/uploads\/2024\/09\/copo-300ml-500x500.png 500w, https:\/\/maismeninasnatecnologia.com\/loja\/wp-content\/uploads\/2024\/09\/copo-300ml-1024x1024.png 1024w, https:\/\/maismeninasnatecnologia.com\/loja\/wp-content\/uploads\/2024\/09\/copo-300ml-150x150.png 150w, https:\/\/maismeninasnatecnologia.com\/loja\/wp-content\/uploads\/2024\/09\/copo-300ml-768x768.png 768w, https:\/\/maismeninasnatecnologia.com\/loja\/wp-content\/uploads\/2024\/09\/copo-300ml-416x416.png 416w, https:\/\/maismeninasnatecnologia.com\/loja\/wp-content\/uploads\/2024\/09\/copo-300ml-100x100.png 100w, https:\/\/maismeninasnatecnologia.com\/loja\/wp-content\/uploads\/2024\/09\/copo-300ml.png 1080w\" sizes=\"(max-width: 324px) 100vw, 324px\" \/><\/div>\n\t\t\t\t\t<div class=\"wc-block-grid__product-title\">Copo MiniDev 300ml BPA Free<\/div>\n\t\t\t\t<\/a>\n\t\t\t\t<div class=\"wc-block-grid__product-price price\"><span class=\"woocommerce-Price-amount amount\"><span class=\"woocommerce-Price-currencySymbol\">&#082;&#036;<\/span>&nbsp;14,90<\/span><\/div>\n\t\t\t\t\n\t\t\t\t<div class=\"wp-block-button wc-block-grid__product-add-to-cart\"><a href=\"?add-to-cart=115\" aria-label=\"Add to cart: &ldquo;Copo MiniDev 300ml BPA Free&rdquo;\" data-quantity=\"1\" data-product_id=\"115\" data-product_sku=\"300-1\" data-price=\"14.9\" rel=\"nofollow\" class=\"wp-block-button__link  add_to_cart_button ajax_add_to_cart\">Comprar<\/a><\/div>\n\t\t\t<\/li><li class=\"wc-block-grid__product\">\n\t\t\t\t<a href=\"https:\/\/maismeninasnatecnologia.com\/loja\/produto\/camisetas\/camiseta-adulto-minidev-unisex\/\" class=\"wc-block-grid__product-link\">\n\t\t\t\t\t\n\t\t\t\t\t<div class=\"wc-block-grid__product-image\"><img loading=\"lazy\" decoding=\"async\" width=\"324\" height=\"324\" src=\"https:\/\/maismeninasnatecnologia.com\/loja\/wp-content\/uploads\/2024\/09\/camiseta-adulto-minidev-324x324.png\" class=\"attachment-woocommerce_thumbnail size-woocommerce_thumbnail\" alt=\"Camiseta Adulto MiniDev Unissex\" srcset=\"https:\/\/maismeninasnatecnologia.com\/loja\/wp-content\/uploads\/2024\/09\/camiseta-adulto-minidev-324x324.png 324w, https:\/\/maismeninasnatecnologia.com\/loja\/wp-content\/uploads\/2024\/09\/camiseta-adulto-minidev-500x500.png 500w, https:\/\/maismeninasnatecnologia.com\/loja\/wp-content\/uploads\/2024\/09\/camiseta-adulto-minidev-1024x1024.png 1024w, https:\/\/maismeninasnatecnologia.com\/loja\/wp-content\/uploads\/2024\/09\/camiseta-adulto-minidev-150x150.png 150w, https:\/\/maismeninasnatecnologia.com\/loja\/wp-content\/uploads\/2024\/09\/camiseta-adulto-minidev-768x768.png 768w, https:\/\/maismeninasnatecnologia.com\/loja\/wp-content\/uploads\/2024\/09\/camiseta-adulto-minidev-416x416.png 416w, https:\/\/maismeninasnatecnologia.com\/loja\/wp-content\/uploads\/2024\/09\/camiseta-adulto-minidev-100x100.png 100w, https:\/\/maismeninasnatecnologia.com\/loja\/wp-content\/uploads\/2024\/09\/camiseta-adulto-minidev.png 1080w\" sizes=\"(max-width: 324px) 100vw, 324px\" \/><\/div>\n\t\t\t\t\t<div class=\"wc-block-grid__product-title\">Camiseta Adulto MiniDev Unissex<\/div>\n\t\t\t\t<\/a>\n\t\t\t\t<div class=\"wc-block-grid__product-price price\"><span class=\"woocommerce-Price-amount amount\"><span class=\"woocommerce-Price-currencySymbol\">&#082;&#036;<\/span>&nbsp;39,90<\/span><\/div>\n\t\t\t\t\n\t\t\t\t<div class=\"wp-block-button wc-block-grid__product-add-to-cart\"><a href=\"https:\/\/maismeninasnatecnologia.com\/loja\/produto\/camisetas\/camiseta-adulto-minidev-unisex\/\" aria-label=\"Selecione as op\u00e7\u00f5es para &ldquo;Camiseta Adulto MiniDev Unissex&rdquo;\" data-quantity=\"1\" data-product_id=\"86\" data-product_sku=\"\" data-price=\"39.9\" rel=\"nofollow\" class=\"wp-block-button__link  add_to_cart_button\">Ver op\u00e7\u00f5es<\/a><\/div>\n\t\t\t<\/li><\/ul><\/div><h2 class=\"wp-block-heading has-text-align-center\" style=\"margin-top:var(--wp--preset--spacing--20);margin-bottom:var(--wp--preset--spacing--20)\">Nosso Livro Infantil Minidev<\/h2><div class=\"wp-block-media-text is-stacked-on-mobile\"><figure class=\"wp-block-media-text__media\"><a href=\"https:\/\/maismeninasnatecnologia.com\/loja\/produto\/livros\/livro-infantil-minidev\/\"><img loading=\"lazy\" decoding=\"async\" width=\"1024\" height=\"1024\" src=\"https:\/\/maismeninasnatecnologia.com\/loja\/wp-content\/uploads\/2024\/10\/livro-infantil-minidev-1024x1024.png\" alt=\"\" class=\"wp-image-122 size-full\" srcset=\"https:\/\/maismeninasnatecnologia.com\/loja\/wp-content\/uploads\/2024\/10\/livro-infantil-minidev-1024x1024.png 1024w, https:\/\/maismeninasnatecnologia.com\/loja\/wp-content\/uploads\/2024\/10\/livro-infantil-minidev-500x500.png 500w, https:\/\/maismeninasnatecnologia.com\/loja\/wp-content\/uploads\/2024\/10\/livro-infantil-minidev-150x150.png 150w, https:\/\/maismeninasnatecnologia.com\/loja\/wp-content\/uploads\/2024\/10\/livro-infantil-minidev-768x768.png 768w, https:\/\/maismeninasnatecnologia.com\/loja\/wp-content\/uploads\/2024\/10\/livro-infantil-minidev-324x324.png 324w, https:\/\/maismeninasnatecnologia.com\/loja\/wp-content\/uploads\/2024\/10\/livro-infantil-minidev-416x416.png 416w, https:\/\/maismeninasnatecnologia.com\/loja\/wp-content\/uploads\/2024\/10\/livro-infantil-minidev-100x100.png 100w, https:\/\/maismeninasnatecnologia.com\/loja\/wp-content\/uploads\/2024\/10\/livro-infantil-minidev.png 1080w\" sizes=\"(max-width: 1024px) 100vw, 1024px\" \/><\/a><\/figure><div class=\"wp-block-media-text__content\"><p>O livro Minidev, a menina que deseja programar quer inspirar as pessoas leitoras com uma narrativa envolvente sobre a jornada de uma menina rumo ao universo da programa\u00e7\u00e3o e das ci\u00eancias exatas. Afinal, o Brasil (e o mundo!) merece ter <strong>#MaisMeninasNaTecnologia<\/strong>.<\/p>\n\n<div class=\"wp-block-buttons is-layout-flex wp-block-buttons-is-layout-flex\"><div class=\"wp-block-button has-custom-width wp-block-button__width-100\"><a class=\"wp-block-button__link has-white-color has-text-color has-background has-link-color wp-element-button\" href=\"https:\/\/maismeninasnatecnologia.com\/loja\/produto\/livros\/livro-infantil-minidev\/\" style=\"background-color:#f381a4\">Compre aqui<\/a><\/div><\/div><\/div><\/div><div class=\"wp-block-media-text is-stacked-on-mobile\" style=\"margin-top:var(--wp--preset--spacing--60);margin-bottom:var(--wp--preset--spacing--60)\"><figure class=\"wp-block-media-text__media\"><img loading=\"lazy\" decoding=\"async\" width=\"1024\" height=\"683\" src=\"https:\/\/maismeninasnatecnologia.com\/loja\/wp-content\/uploads\/2024\/09\/quem-somos-1024x683.jpg\" alt=\"\" class=\"wp-image-57 size-full\" srcset=\"https:\/\/maismeninasnatecnologia.com\/loja\/wp-content\/uploads\/2024\/09\/quem-somos-1024x683.jpg 1024w, https:\/\/maismeninasnatecnologia.com\/loja\/wp-content\/uploads\/2024\/09\/quem-somos-500x333.jpg 500w, https:\/\/maismeninasnatecnologia.com\/loja\/wp-content\/uploads\/2024\/09\/quem-somos-768x512.jpg 768w, https:\/\/maismeninasnatecnologia.com\/loja\/wp-content\/uploads\/2024\/09\/quem-somos-1536x1024.jpg 1536w, https:\/\/maismeninasnatecnologia.com\/loja\/wp-content\/uploads\/2024\/09\/quem-somos-2048x1365.jpg 2048w, https:\/\/maismeninasnatecnologia.com\/loja\/wp-content\/uploads\/2024\/09\/quem-somos-416x277.jpg 416w\" sizes=\"(max-width: 1024px) 100vw, 1024px\" \/><\/figure><div class=\"wp-block-media-text__content\"><h2 class=\"wp-block-heading\">Quem somos<\/h2>\n\n<p>Nosso time j\u00e1 impactou mais de 90 meninas criativas, inteligentes e corajosas por meio da tecnologia!<\/p>\n\n<p>E a cada compra que voc\u00ea realizar na lojinha, uma porcentagem ser\u00e1 destinada \u00e0 forma\u00e7\u00e3o dessas meninas!<\/p>\n\n<p>Se voc\u00ea acredita que o Brasil (e o mundo!) merece ter <strong>#MaisMeninasNaTecnologia<\/strong>, contribua a nossa causa!<\/p><\/div><\/div><p><\/p>","protected":false},"excerpt":{"rendered":"<p>Nossos Produtos Nosso Livro Infantil Minidev Quem somos Nosso time j\u00e1 impactou mais de 90 meninas criativas, inteligentes e corajosas por meio da tecnologia! E a cada compra que voc\u00ea realizar na lojinha, uma porcentagem ser\u00e1 destinada \u00e0 forma\u00e7\u00e3o dessas meninas! Se voc\u00ea acredita que o Brasil (e o mundo!) merece ter #MaisMeninasNaTecnologia, contribua a [&hellip;]<\/p>\n","protected":false},"author":1,"featured_media":0,"parent":0,"menu_order":0,"comment_status":"closed","ping_status":"closed","template":"template-fullwidth.php","meta":{"footnotes":""},"class_list":["post-26","page","type-page","status-publish","hentry"],"yoast_head":"<!-- This site is optimized with the Yoast SEO plugin v23.4 - https:\/\/yoast.com\/wordpress\/plugins\/seo\/ -->\n<title>Loja Mais Meninas na Tecnologia<\/title>\n<meta name=\"description\" content=\"A loja o projeto Mais meninas na Tecnologia com camisetas, copos, ecobags com a nossa estampa exclusiva da nossa Minidev\" \/>\n<meta name=\"robots\" content=\"index, follow, max-snippet:-1, max-image-preview:large, max-video-preview:-1\" \/>\n<link rel=\"canonical\" href=\"https:\/\/maismeninasnatecnologia.com\/loja\/\" \/>\n<meta property=\"og:locale\" content=\"pt_BR\" \/>\n<meta property=\"og:type\" content=\"article\" \/>\n<meta property=\"og:title\" content=\"Loja Mais Meninas na Tecnologia\" \/>\n<meta property=\"og:description\" content=\"A loja o projeto Mais meninas na Tecnologia com camisetas, copos, ecobags com a nossa estampa exclusiva da nossa Minidev\" \/>\n<meta property=\"og:url\" content=\"https:\/\/maismeninasnatecnologia.com\/loja\/\" \/>\n<meta property=\"og:site_name\" content=\"Loja Mais Meninas na Tecnologia\" \/>\n<meta property=\"article:modified_time\" content=\"2024-10-31T00:04:35+00:00\" \/>\n<meta property=\"og:image\" content=\"https:\/\/maismeninasnatecnologia.com\/loja\/wp-content\/uploads\/2024\/09\/Minidev.jpg\" \/>\n<meta name=\"twitter:card\" content=\"summary_large_image\" \/>\n<meta name=\"twitter:label1\" content=\"Est. tempo de leitura\" \/>\n\t<meta name=\"twitter:data1\" content=\"2 minutos\" \/>\n<script type=\"application\/ld+json\" class=\"yoast-schema-graph\">{\"@context\":\"https:\/\/schema.org\",\"@graph\":[{\"@type\":\"WebPage\",\"@id\":\"https:\/\/maismeninasnatecnologia.com\/loja\/\",\"url\":\"https:\/\/maismeninasnatecnologia.com\/loja\/\",\"name\":\"Loja Mais Meninas na Tecnologia\",\"isPartOf\":{\"@id\":\"https:\/\/maismeninasnatecnologia.com\/loja\/#website\"},\"primaryImageOfPage\":{\"@id\":\"https:\/\/maismeninasnatecnologia.com\/loja\/#primaryimage\"},\"image\":{\"@id\":\"https:\/\/maismeninasnatecnologia.com\/loja\/#primaryimage\"},\"thumbnailUrl\":\"https:\/\/maismeninasnatecnologia.com\/loja\/wp-content\/uploads\/2024\/09\/Minidev.jpg\",\"datePublished\":\"2024-09-05T13:53:04+00:00\",\"dateModified\":\"2024-10-31T00:04:35+00:00\",\"description\":\"A loja o projeto Mais meninas na Tecnologia com camisetas, copos, ecobags com a nossa estampa exclusiva da nossa Minidev\",\"breadcrumb\":{\"@id\":\"https:\/\/maismeninasnatecnologia.com\/loja\/#breadcrumb\"},\"inLanguage\":\"pt-BR\",\"potentialAction\":[{\"@type\":\"ReadAction\",\"target\":[\"https:\/\/maismeninasnatecnologia.com\/loja\/\"]}]},{\"@type\":\"ImageObject\",\"inLanguage\":\"pt-BR\",\"@id\":\"https:\/\/maismeninasnatecnologia.com\/loja\/#primaryimage\",\"url\":\"https:\/\/maismeninasnatecnologia.com\/loja\/wp-content\/uploads\/2024\/09\/Minidev.jpg\",\"contentUrl\":\"https:\/\/maismeninasnatecnologia.com\/loja\/wp-content\/uploads\/2024\/09\/Minidev.jpg\",\"width\":1280,\"height\":464},{\"@type\":\"BreadcrumbList\",\"@id\":\"https:\/\/maismeninasnatecnologia.com\/loja\/#breadcrumb\",\"itemListElement\":[{\"@type\":\"ListItem\",\"position\":1,\"name\":\"In\u00edcio\",\"item\":\"https:\/\/maismeninasnatecnologia.com\/loja\/\"},{\"@type\":\"ListItem\",\"position\":2,\"name\":\"Home\"}]},{\"@type\":\"WebSite\",\"@id\":\"https:\/\/maismeninasnatecnologia.com\/loja\/#website\",\"url\":\"https:\/\/maismeninasnatecnologia.com\/loja\/\",\"name\":\"Loja Mais Meninas na Tecnologia\",\"description\":\"A Loja da Mais Meninas na Tecnologia\",\"publisher\":{\"@id\":\"https:\/\/maismeninasnatecnologia.com\/loja\/#organization\"},\"potentialAction\":[{\"@type\":\"SearchAction\",\"target\":{\"@type\":\"EntryPoint\",\"urlTemplate\":\"https:\/\/maismeninasnatecnologia.com\/loja\/?s={search_term_string}\"},\"query-input\":{\"@type\":\"PropertyValueSpecification\",\"valueRequired\":true,\"valueName\":\"search_term_string\"}}],\"inLanguage\":\"pt-BR\"},{\"@type\":\"Organization\",\"@id\":\"https:\/\/maismeninasnatecnologia.com\/loja\/#organization\",\"name\":\"Loja Mais Meninas na Tecnologia\",\"url\":\"https:\/\/maismeninasnatecnologia.com\/loja\/\",\"logo\":{\"@type\":\"ImageObject\",\"inLanguage\":\"pt-BR\",\"@id\":\"https:\/\/maismeninasnatecnologia.com\/loja\/#\/schema\/logo\/image\/\",\"url\":\"https:\/\/maismeninasnatecnologia.com\/loja\/wp-content\/uploads\/2024\/09\/logo-loja.png\",\"contentUrl\":\"https:\/\/maismeninasnatecnologia.com\/loja\/wp-content\/uploads\/2024\/09\/logo-loja.png\",\"width\":570,\"height\":190,\"caption\":\"Loja Mais Meninas na Tecnologia\"},\"image\":{\"@id\":\"https:\/\/maismeninasnatecnologia.com\/loja\/#\/schema\/logo\/image\/\"},\"sameAs\":[\"https:\/\/www.instagram.com\/maismeninasnatecnologia\/\"]}]}<\/script>\n<!-- \/ Yoast SEO plugin. -->","yoast_head_json":{"title":"Loja Mais Meninas na Tecnologia","description":"A loja o projeto Mais meninas na Tecnologia com camisetas, copos, ecobags com a nossa estampa exclusiva da nossa Minidev","robots":{"index":"index","follow":"follow","max-snippet":"max-snippet:-1","max-image-preview":"max-image-preview:large","max-video-preview":"max-video-preview:-1"},"canonical":"https:\/\/maismeninasnatecnologia.com\/loja\/","og_locale":"pt_BR","og_type":"article","og_title":"Loja Mais Meninas na Tecnologia","og_description":"A loja o projeto Mais meninas na Tecnologia com camisetas, copos, ecobags com a nossa estampa exclusiva da nossa Minidev","og_url":"https:\/\/maismeninasnatecnologia.com\/loja\/","og_site_name":"Loja Mais Meninas na Tecnologia","article_modified_time":"2024-10-31T00:04:35+00:00","og_image":[{"url":"https:\/\/maismeninasnatecnologia.com\/loja\/wp-content\/uploads\/2024\/09\/Minidev.jpg"}],"twitter_card":"summary_large_image","twitter_misc":{"Est. tempo de leitura":"2 minutos"},"schema":{"@context":"https:\/\/schema.org","@graph":[{"@type":"WebPage","@id":"https:\/\/maismeninasnatecnologia.com\/loja\/","url":"https:\/\/maismeninasnatecnologia.com\/loja\/","name":"Loja Mais Meninas na Tecnologia","isPartOf":{"@id":"https:\/\/maismeninasnatecnologia.com\/loja\/#website"},"primaryImageOfPage":{"@id":"https:\/\/maismeninasnatecnologia.com\/loja\/#primaryimage"},"image":{"@id":"https:\/\/maismeninasnatecnologia.com\/loja\/#primaryimage"},"thumbnailUrl":"https:\/\/maismeninasnatecnologia.com\/loja\/wp-content\/uploads\/2024\/09\/Minidev.jpg","datePublished":"2024-09-05T13:53:04+00:00","dateModified":"2024-10-31T00:04:35+00:00","description":"A loja o projeto Mais meninas na Tecnologia com camisetas, copos, ecobags com a nossa estampa exclusiva da nossa Minidev","breadcrumb":{"@id":"https:\/\/maismeninasnatecnologia.com\/loja\/#breadcrumb"},"inLanguage":"pt-BR","potentialAction":[{"@type":"ReadAction","target":["https:\/\/maismeninasnatecnologia.com\/loja\/"]}]},{"@type":"ImageObject","inLanguage":"pt-BR","@id":"https:\/\/maismeninasnatecnologia.com\/loja\/#primaryimage","url":"https:\/\/maismeninasnatecnologia.com\/loja\/wp-content\/uploads\/2024\/09\/Minidev.jpg","contentUrl":"https:\/\/maismeninasnatecnologia.com\/loja\/wp-content\/uploads\/2024\/09\/Minidev.jpg","width":1280,"height":464},{"@type":"BreadcrumbList","@id":"https:\/\/maismeninasnatecnologia.com\/loja\/#breadcrumb","itemListElement":[{"@type":"ListItem","position":1,"name":"In\u00edcio","item":"https:\/\/maismeninasnatecnologia.com\/loja\/"},{"@type":"ListItem","position":2,"name":"Home"}]},{"@type":"WebSite","@id":"https:\/\/maismeninasnatecnologia.com\/loja\/#website","url":"https:\/\/maismeninasnatecnologia.com\/loja\/","name":"Loja Mais Meninas na Tecnologia","description":"A Loja da Mais Meninas na Tecnologia","publisher":{"@id":"https:\/\/maismeninasnatecnologia.com\/loja\/#organization"},"potentialAction":[{"@type":"SearchAction","target":{"@type":"EntryPoint","urlTemplate":"https:\/\/maismeninasnatecnologia.com\/loja\/?s={search_term_string}"},"query-input":{"@type":"PropertyValueSpecification","valueRequired":true,"valueName":"search_term_string"}}],"inLanguage":"pt-BR"},{"@type":"Organization","@id":"https:\/\/maismeninasnatecnologia.com\/loja\/#organization","name":"Loja Mais Meninas na Tecnologia","url":"https:\/\/maismeninasnatecnologia.com\/loja\/","logo":{"@type":"ImageObject","inLanguage":"pt-BR","@id":"https:\/\/maismeninasnatecnologia.com\/loja\/#\/schema\/logo\/image\/","url":"https:\/\/maismeninasnatecnologia.com\/loja\/wp-content\/uploads\/2024\/09\/logo-loja.png","contentUrl":"https:\/\/maismeninasnatecnologia.com\/loja\/wp-content\/uploads\/2024\/09\/logo-loja.png","width":570,"height":190,"caption":"Loja Mais Meninas na Tecnologia"},"image":{"@id":"https:\/\/maismeninasnatecnologia.com\/loja\/#\/schema\/logo\/image\/"},"sameAs":["https:\/\/www.instagram.com\/maismeninasnatecnologia\/"]}]}},"_links":{"self":[{"href":"https:\/\/maismeninasnatecnologia.com\/loja\/wp-json\/wp\/v2\/pages\/26"}],"collection":[{"href":"https:\/\/maismeninasnatecnologia.com\/loja\/wp-json\/wp\/v2\/pages"}],"about":[{"href":"https:\/\/maismeninasnatecnologia.com\/loja\/wp-json\/wp\/v2\/types\/page"}],"author":[{"embeddable":true,"href":"https:\/\/maismeninasnatecnologia.com\/loja\/wp-json\/wp\/v2\/users\/1"}],"replies":[{"embeddable":true,"href":"https:\/\/maismeninasnatecnologia.com\/loja\/wp-json\/wp\/v2\/comments?post=26"}],"version-history":[{"count":27,"href":"https:\/\/maismeninasnatecnologia.com\/loja\/wp-json\/wp\/v2\/pages\/26\/revisions"}],"predecessor-version":[{"id":159,"href":"https:\/\/maismeninasnatecnologia.com\/loja\/wp-json\/wp\/v2\/pages\/26\/revisions\/159"}],"wp:attachment":[{"href":"https:\/\/maismeninasnatecnologia.com\/loja\/wp-json\/wp\/v2\/media?parent=26"}],"curies":[{"name":"wp","href":"https:\/\/api.w.org\/{rel}","templated":true}]}}